{"id":38400,"date":"2025-09-22T10:06:42","date_gmt":"2025-09-22T10:06:42","guid":{"rendered":"https:\/\/marinepartsystem.com\/product\/atf-dexron-ii-d-marine-getriebe-getriebeoel-1l\/"},"modified":"2025-11-21T13:21:43","modified_gmt":"2025-11-21T13:21:43","slug":"atf-dexron-ii-d-marine-getriebe-getriebeoel-1l","status":"publish","type":"product","link":"https:\/\/marinepartsystem.com\/de\/product\/atf-dexron-ii-d-marine-getriebe-getriebeoel-1l\/","title":{"rendered":"ATF Dexron II-D Marine Getriebe &amp; Getriebe\u00f6l &#8211; 1L"},"content":{"rendered":"<h2 data-start=\"316\" data-end=\"377\"><strong data-start=\"319\" data-end=\"377\">ATF Dexron II-D Marine Getriebe &amp; Getriebe\u00f6l &#8211; 1L<\/strong><\/h2>\n<p data-start=\"379\" data-end=\"675\"><strong data-start=\"379\" data-end=\"398\">ATF Dexron II-D<\/strong> ist ein hochwertiges <strong data-start=\"412\" data-end=\"462\">Getriebe- und Industrie\u00f6l f\u00fcr die Schifffahrt<\/strong>, das f\u00fcr zuverl\u00e4ssige Leistung in anspruchsvollen Umgebungen entwickelt wurde. Es wurde auf der Grundlage hochwertiger Mineral\u00f6le mit fortschrittlichen Additiven formuliert und sorgt f\u00fcr <strong data-start=\"601\" data-end=\"672\">reibungslose Schaltvorg\u00e4nge, hervorragende Schmierung und lang anhaltenden Schutz<\/strong>.<\/p>\n<p data-start=\"677\" data-end=\"916\">Dieses ATF-\u00d6l ist ideal f\u00fcr <strong data-start=\"703\" data-end=\"743\">Schiffsgetriebe und Keerkoppelingen<\/strong> wie <strong data-start=\"752\" data-end=\"783\">ZF, Hurth und Velvet Drive<\/strong> sowie f\u00fcr Industriegetriebe, Drehmomentwandler, Hydrauliksysteme und Servolenkungen, die Dexron II-D ben\u00f6tigen.<\/p>\n<p data-start=\"918\" data-end=\"1172\">Mit seiner <strong data-start=\"927\" data-end=\"997\">stabilen Viskosit\u00e4t, seiner Oxidationsbest\u00e4ndigkeit und seinem starken Verschlei\u00dfschutz<\/strong> sch\u00fctzt es Getriebe, Lager und Dichtungen auch bei starker Belastung. Die <strong data-start=\"1068\" data-end=\"1092\">schaumhemmenden Eigenschaften<\/strong> sorgen f\u00fcr einen konsistenten Schmierfilm, der f\u00fcr den Einsatz in der Schifffahrt und in der Industrie entscheidend ist.<\/p>\n<h3 data-start=\"1174\" data-end=\"1191\">Wichtigste Vorteile:<\/h3>\n<ul data-start=\"1192\" data-end=\"1437\">\n<li data-start=\"1192\" data-end=\"1270\">\n<p data-start=\"1194\" data-end=\"1270\">Speziell entwickelt f\u00fcr <strong data-start=\"1221\" data-end=\"1268\">Schiffsgetriebe und Industriegetriebe<\/strong><\/p>\n<\/li>\n<li data-start=\"1271\" data-end=\"1323\">\n<p data-start=\"1273\" data-end=\"1323\">Reibungsloser Betrieb und zuverl\u00e4ssige Kupplungsleistung<\/p>\n<\/li>\n<li data-start=\"1324\" data-end=\"1370\">\n<p data-start=\"1326\" data-end=\"1370\">Sch\u00fctzt vor Verschlei\u00df, Rost und Korrosion<\/p>\n<\/li>\n<li data-start=\"1371\" data-end=\"1437\">\n<p data-start=\"1373\" data-end=\"1437\">Zugelassen von GM Dexron II-D, Allison C-4, ZF TE-ML, MAN &amp; Voith<\/p>\n<\/li>\n<\/ul>\n<p data-start=\"1439\" data-end=\"1569\">Perfekt f\u00fcr <strong data-start=\"1453\" data-end=\"1515\">Boote, Schiffsmotoren und schwere Industriemaschinen<\/strong>.<\/p>\n<p data-start=\"1576\" data-end=\"1780\" data-is-last-node=\"\" data-is-only-node=\"\">\n","protected":false},"excerpt":{"rendered":"<p>ATF Dexron II-D Marine Getriebe &amp; Getriebe\u00f6l &#8211; 1L ATF Dexron II-D ist ein hochwertiges Getriebe- und Industrie\u00f6l f\u00fcr die<\/p>\n","protected":false},"featured_media":38401,"comment_status":"open","ping_status":"closed","template":"","meta":[],"product_brand":[4238,4242,4230,4236],"product_cat":[4488,2498,4028,2725,4541,4542,4485,4526,4531],"product_tag":[],"class_list":{"0":"post-38400","1":"product","2":"type-product","3":"status-publish","4":"has-post-thumbnail","6":"product_brand-nanni","7":"product_brand-vetus","8":"product_brand-volvo-penta","9":"product_brand-yanmar","10":"product_cat-brauchen-sie-volvo-penta-teile","11":"product_cat-ersatzteile-fur-motoren","12":"product_cat-getriebeol","13":"product_cat-ole-flussigkeiten","14":"product_cat-vetus","15":"product_cat-vetus-service-teile","16":"product_cat-volvo-penta-ol","17":"product_cat-volvo-penta-service-teile","18":"product_cat-yanmar-service-teile","19":"pa_condition-neu","20":"pa_oem-or-aftermarket-aftermarket","22":"first","23":"instock","24":"sale","25":"taxable","26":"shipping-taxable","27":"purchasable","28":"product-type-simple"},"supplier_id":null,"supplier_sku":"ATF Dexron II-D ype","barcode":null,"atum_controlled":true,"out_stock_date":null,"out_stock_threshold":null,"inheritable":false,"inbound_stock":0,"stock_on_hold":0,"sold_today":0,"sales_last_days":0,"reserved_stock":0,"customer_returns":0,"warehouse_damage":0,"lost_in_post":0,"other_logs":0,"out_stock_days":0,"lost_sales":0,"has_location":false,"update_date":"2026-01-29T09:10:44","atum_locations":[],"atum_stock_status":"instock","restock_status":false,"low_stock_amount":1,"sales_update_date":"2026-01-29T09:10:44","calc_backorders":null,"_links":{"self":[{"href":"https:\/\/marinepartsystem.com\/de\/wp-json\/wp\/v2\/product\/38400","targetHints":{"allow":["GET"]}}],"collection":[{"href":"https:\/\/marinepartsystem.com\/de\/wp-json\/wp\/v2\/product"}],"about":[{"href":"https:\/\/marinepartsystem.com\/de\/wp-json\/wp\/v2\/types\/product"}],"replies":[{"embeddable":true,"href":"https:\/\/marinepartsystem.com\/de\/wp-json\/wp\/v2\/comments?post=38400"}],"version-history":[{"count":1,"href":"https:\/\/marinepartsystem.com\/de\/wp-json\/wp\/v2\/product\/38400\/revisions"}],"predecessor-version":[{"id":43563,"href":"https:\/\/marinepartsystem.com\/de\/wp-json\/wp\/v2\/product\/38400\/revisions\/43563"}],"wp:featuredmedia":[{"embeddable":true,"href":"https:\/\/marinepartsystem.com\/de\/wp-json\/wp\/v2\/media\/38401"}],"wp:attachment":[{"href":"https:\/\/marinepartsystem.com\/de\/wp-json\/wp\/v2\/media?parent=38400"}],"wp:term":[{"taxonomy":"product_brand","embeddable":true,"href":"https:\/\/marinepartsystem.com\/de\/wp-json\/wp\/v2\/product_brand?post=38400"},{"taxonomy":"product_cat","embeddable":true,"href":"https:\/\/marinepartsystem.com\/de\/wp-json\/wp\/v2\/product_cat?post=38400"},{"taxonomy":"product_tag","embeddable":true,"href":"https:\/\/marinepartsystem.com\/de\/wp-json\/wp\/v2\/product_tag?post=38400"}],"curies":[{"name":"wp","href":"https:\/\/api.w.org\/{rel}","templated":true}]}}